{"id":1984,"date":"2026-02-06T20:05:47","date_gmt":"2026-02-07T01:05:47","guid":{"rendered":"https:\/\/beranyer.com\/?page_id=1984"},"modified":"2026-02-13T14:44:07","modified_gmt":"2026-02-13T19:44:07","slug":"areas","status":"publish","type":"page","link":"https:\/\/beranyer.com\/?page_id=1984","title":{"rendered":"\u00c1reas"},"content":{"rendered":"\n<div class=\"wp-block-group has-global-padding is-layout-constrained wp-block-group-is-layout-constrained\">\n<p class=\"has-ibm-plex-serif-font-family\" style=\"font-size:clamp(1.743rem, 1.743rem + ((1vw - 0.2rem) * 2.285), 3rem);\">Trabajo y enfoque<\/p>\n\n\n\n<div class=\"wp-block-columns is-layout-flex wp-container-core-columns-is-layout-28f84493 wp-block-columns-is-layout-flex\">\n<div class=\"wp-block-column is-layout-flow wp-block-column-is-layout-flow\" style=\"flex-basis:50%\">\n<p class=\"has-large-font-size\" style=\"margin-top:var(--wp--preset--spacing--50)\">Trabajo el dise\u00f1o desde una l\u00f3gica editorial y de sistema.<br>Algunos proyectos se expresan como piezas editoriales, otros como productos digitales o estructuras visuales.<\/p>\n<\/div>\n\n\n\n<div class=\"wp-block-column is-layout-flow wp-block-column-is-layout-flow\">\n<hr class=\"wp-block-separator has-alpha-channel-opacity is-style-wide\"\/>\n<\/div>\n<\/div>\n\n\n\n<div class=\"wp-block-group has-luminous-vivid-amber-background-color has-background has-global-padding is-layout-constrained wp-block-group-is-layout-constrained\" style=\"margin-top:var(--wp--preset--spacing--50);padding-top:var(--wp--preset--spacing--30)\">\n<h2 class=\"wp-block-heading has-ibm-plex-serif-font-family\">Dise\u00f1o Editorial<\/h2>\n<\/div>\n\n\n\n<div class=\"wp-block-group has-global-padding is-layout-constrained wp-block-group-is-layout-constrained\">\n<div class=\"wp-block-cover\"><img loading=\"lazy\" decoding=\"async\" width=\"1024\" height=\"768\" class=\"wp-block-cover__image-background wp-image-629 size-large\" alt=\"\" src=\"https:\/\/beranyer.com\/wp-content\/uploads\/2023\/01\/SUPERINTENDENCIA-1024x768.jpg\" data-object-fit=\"cover\" srcset=\"https:\/\/beranyer.com\/wp-content\/uploads\/2023\/01\/SUPERINTENDENCIA-1024x768.jpg 1024w, https:\/\/beranyer.com\/wp-content\/uploads\/2023\/01\/SUPERINTENDENCIA-600x450.jpg 600w, https:\/\/beranyer.com\/wp-content\/uploads\/2023\/01\/SUPERINTENDENCIA-300x225.jpg 300w, https:\/\/beranyer.com\/wp-content\/uploads\/2023\/01\/SUPERINTENDENCIA-768x576.jpg 768w, https:\/\/beranyer.com\/wp-content\/uploads\/2023\/01\/SUPERINTENDENCIA-1536x1152.jpg 1536w, https:\/\/beranyer.com\/wp-content\/uploads\/2023\/01\/SUPERINTENDENCIA-2048x1536.jpg 2048w\" sizes=\"auto, (max-width: 1024px) 100vw, 1024px\" \/><span aria-hidden=\"true\" class=\"wp-block-cover__background has-black-background-color has-background-dim-30 has-background-dim\"><\/span><div class=\"wp-block-cover__inner-container has-global-padding is-layout-constrained wp-container-core-cover-is-layout-12243e0f wp-block-cover-is-layout-constrained\">\n<div class=\"wp-block-columns is-layout-flex wp-container-core-columns-is-layout-28f84493 wp-block-columns-is-layout-flex\">\n<div class=\"wp-block-column is-layout-flow wp-block-column-is-layout-flow\" style=\"flex-basis:33.33%\">\n<p class=\"has-white-color has-text-color has-link-color has-medium-font-size wp-elements-6939bec9b7ccb9662298b42c3814ac70\" style=\"margin-top:var(--wp--preset--spacing--30);margin-bottom:var(--wp--preset--spacing--30)\">Proyectos donde la imagen, la composici\u00f3n y el ritmo visual son el eje.<br>Trabajo editorial aplicado a identidades, piezas gr\u00e1ficas, contenidos y narrativas visuales con intenci\u00f3n.<br><br>\u2192 <a href=\"https:\/\/beranyer.com\/?p=458\" data-type=\"link\" data-id=\"https:\/\/beranyer.com\/?p=458\">Ver trabajo editorial<\/a><\/p>\n<\/div>\n\n\n\n<div class=\"wp-block-column is-vertically-aligned-bottom is-layout-flow wp-block-column-is-layout-flow\" style=\"flex-basis:66.66%\"><\/div>\n<\/div>\n<\/div><\/div>\n<\/div>\n\n\n\n<div class=\"wp-block-group has-global-padding is-layout-constrained wp-block-group-is-layout-constrained\" style=\"padding-top:var(--wp--preset--spacing--30)\">\n<h2 class=\"wp-block-heading has-ibm-plex-serif-font-family\">Dise\u00f1o y Sistemas<\/h2>\n<\/div>\n\n\n\n<div class=\"wp-block-columns is-layout-flex wp-container-core-columns-is-layout-69cf8084 wp-block-columns-is-layout-flex\" style=\"margin-top:var(--wp--preset--spacing--40)\">\n<div class=\"wp-block-column is-vertically-aligned-center is-layout-flow wp-block-column-is-layout-flow\" style=\"flex-basis:33.33%\">\n<p class=\"has-black-color has-text-color has-link-color has-medium-font-size wp-elements-4c9e0a0681558aa21bfc749433fd0e1b\">Dise\u00f1o de interfaces, sistemas visuales y estructuras funcionales para productos, marcas y plataformas digitales.<br>Pensado desde la l\u00f3gica, la usabilidad y la coherencia del sistema.<\/p>\n\n\n\n<p class=\"has-black-color has-text-color has-link-color has-medium-font-size wp-elements-89a7c31cdb4fcad998fc749d38b42380\" style=\"margin-top:var(--wp--preset--spacing--30);margin-bottom:var(--wp--preset--spacing--30)\">\u2192 <a href=\"https:\/\/beranyer.com\/?p=184\" data-type=\"post\" data-id=\"184\">Ver trabajo de dise\u00f1o<\/a><\/p>\n<\/div>\n\n\n\n<div class=\"wp-block-column is-layout-flow wp-block-column-is-layout-flow\" style=\"flex-basis:66.66%\">\n<div class=\"wp-block-cover\" style=\"padding-left:var(--wp--preset--spacing--40)\"><img loading=\"lazy\" decoding=\"async\" width=\"832\" height=\"624\" class=\"wp-block-cover__image-background wp-image-2202 size-full\" alt=\"\" src=\"https:\/\/beranyer.com\/wp-content\/uploads\/2026\/02\/barbas.png\" data-object-fit=\"cover\" srcset=\"https:\/\/beranyer.com\/wp-content\/uploads\/2026\/02\/barbas.png 832w, https:\/\/beranyer.com\/wp-content\/uploads\/2026\/02\/barbas-300x225.png 300w, https:\/\/beranyer.com\/wp-content\/uploads\/2026\/02\/barbas-768x576.png 768w, https:\/\/beranyer.com\/wp-content\/uploads\/2026\/02\/barbas-600x450.png 600w\" sizes=\"auto, (max-width: 832px) 100vw, 832px\" \/><span aria-hidden=\"true\" class=\"wp-block-cover__background has-black-background-color has-background-dim-0 has-background-dim\"><\/span><div class=\"wp-block-cover__inner-container has-global-padding is-layout-constrained wp-container-core-cover-is-layout-c748ba87 wp-block-cover-is-layout-constrained\">\n<p class=\"has-text-align-center has-large-font-size\"><\/p>\n<\/div><\/div>\n<\/div>\n<\/div>\n\n\n\n<div class=\"wp-block-columns is-layout-flex wp-container-core-columns-is-layout-e1fea541 wp-block-columns-is-layout-flex\" style=\"margin-top:var(--wp--preset--spacing--50)\">\n<div class=\"wp-block-column is-layout-flow wp-block-column-is-layout-flow\" style=\"padding-right:var(--wp--preset--spacing--40);padding-left:var(--wp--preset--spacing--40)\">\n<h2 class=\"wp-block-heading has-ibm-plex-serif-font-family\">Dise\u00f1o Web<\/h2>\n\n\n\n<div class=\"wp-block-cover is-light\" style=\"border-top-left-radius:0px;border-bottom-right-radius:0px;margin-top:var(--wp--preset--spacing--40);padding-top:0;min-height:423px;aspect-ratio:unset;\"><img loading=\"lazy\" decoding=\"async\" width=\"1024\" height=\"784\" class=\"wp-block-cover__image-background wp-image-2011 size-large\" alt=\"\" src=\"https:\/\/beranyer.com\/wp-content\/uploads\/2026\/02\/webs-1024x784.jpg\" data-object-fit=\"cover\" srcset=\"https:\/\/beranyer.com\/wp-content\/uploads\/2026\/02\/webs-1024x784.jpg 1024w, https:\/\/beranyer.com\/wp-content\/uploads\/2026\/02\/webs-300x230.jpg 300w, https:\/\/beranyer.com\/wp-content\/uploads\/2026\/02\/webs-768x588.jpg 768w, https:\/\/beranyer.com\/wp-content\/uploads\/2026\/02\/webs-600x459.jpg 600w, https:\/\/beranyer.com\/wp-content\/uploads\/2026\/02\/webs.jpg 1180w\" sizes=\"auto, (max-width: 1024px) 100vw, 1024px\" \/><span aria-hidden=\"true\" class=\"wp-block-cover__background has-background-dim-0 has-background-dim\" style=\"background-color:#c5b9b1\"><\/span><div class=\"wp-block-cover__inner-container has-global-padding is-layout-constrained wp-container-core-cover-is-layout-36a7b1c8 wp-block-cover-is-layout-constrained\">\n<p class=\"has-text-align-center has-large-font-size\"><\/p>\n<\/div><\/div>\n\n\n\n<p class=\"has-secondary-color has-text-color has-link-color has-medium-font-size wp-elements-4fb7723ab4dfc4daa93b995d6a48f3d1\" style=\"margin-top:var(--wp--preset--spacing--40);margin-right:var(--wp--preset--spacing--40);margin-bottom:var(--wp--preset--spacing--40);margin-left:var(--wp--preset--spacing--40)\">Dise\u00f1o y estructuraci\u00f3n de plataformas de contenido, principalmente en entornos CMS. Integraci\u00f3n de dise\u00f1o editorial, arquitectura de informaci\u00f3n y producci\u00f3n digital para sitios claros, funcionales y sostenibles en el tiempo.<\/p>\n\n\n\n<p class=\"has-secondary-color has-text-color has-link-color has-medium-font-size wp-elements-a7db23e0168cbdbc2e41b476653ff3d2\" style=\"margin-top:var(--wp--preset--spacing--30);margin-right:var(--wp--preset--spacing--30);margin-bottom:var(--wp--preset--spacing--30);margin-left:var(--wp--preset--spacing--30)\">\u2192 <a href=\"https:\/\/beranyer.com\/?p=741\" data-type=\"post\" data-id=\"741\">Ver trabajo de dise\u00f1o web<\/a><\/p>\n<\/div>\n\n\n\n<div class=\"wp-block-column is-layout-flow wp-block-column-is-layout-flow\" style=\"padding-right:var(--wp--preset--spacing--40);padding-left:var(--wp--preset--spacing--40)\">\n<h2 class=\"wp-block-heading has-ibm-plex-serif-font-family\">Arte aplicado<\/h2>\n\n\n\n<div class=\"wp-block-cover is-light\" style=\"border-top-left-radius:0px;border-bottom-right-radius:0px;margin-top:var(--wp--preset--spacing--40);padding-top:0;min-height:423px;aspect-ratio:unset;\"><img loading=\"lazy\" decoding=\"async\" width=\"1024\" height=\"1024\" class=\"wp-block-cover__image-background wp-image-1079 size-large\" alt=\"\" src=\"https:\/\/beranyer.com\/wp-content\/uploads\/2023\/05\/desintegracion-de-piedra2color-1024x1024.jpg\" data-object-fit=\"cover\" srcset=\"https:\/\/beranyer.com\/wp-content\/uploads\/2023\/05\/desintegracion-de-piedra2color-1024x1024.jpg 1024w, https:\/\/beranyer.com\/wp-content\/uploads\/2023\/05\/desintegracion-de-piedra2color-100x100.jpg 100w, https:\/\/beranyer.com\/wp-content\/uploads\/2023\/05\/desintegracion-de-piedra2color-600x600.jpg 600w, https:\/\/beranyer.com\/wp-content\/uploads\/2023\/05\/desintegracion-de-piedra2color-300x300.jpg 300w, https:\/\/beranyer.com\/wp-content\/uploads\/2023\/05\/desintegracion-de-piedra2color-150x150.jpg 150w, https:\/\/beranyer.com\/wp-content\/uploads\/2023\/05\/desintegracion-de-piedra2color-768x768.jpg 768w, https:\/\/beranyer.com\/wp-content\/uploads\/2023\/05\/desintegracion-de-piedra2color-1320x1320.jpg 1320w, https:\/\/beranyer.com\/wp-content\/uploads\/2023\/05\/desintegracion-de-piedra2color.jpg 1418w\" sizes=\"auto, (max-width: 1024px) 100vw, 1024px\" \/><span aria-hidden=\"true\" class=\"wp-block-cover__background has-background-dim-0 has-background-dim\" style=\"background-color:#e9e2db\"><\/span><div class=\"wp-block-cover__inner-container has-global-padding is-layout-constrained wp-container-core-cover-is-layout-36a7b1c8 wp-block-cover-is-layout-constrained\">\n<p class=\"has-text-align-center has-large-font-size\"><\/p>\n<\/div><\/div>\n\n\n\n<p class=\"has-secondary-color has-text-color has-link-color has-medium-font-size wp-elements-9224bd94cb196577be3b65fee36c7c59\" style=\"margin-top:var(--wp--preset--spacing--40);margin-right:var(--wp--preset--spacing--40);margin-bottom:var(--wp--preset--spacing--40);margin-left:var(--wp--preset--spacing--40)\">Ilustraci\u00f3n e imagen desarrolladas para contextos editoriales, institucionales y de comunicaci\u00f3n visual. Esta especialidad se centra en el uso de la imagen como recurso narrativo dentro de sistemas gr\u00e1ficos y editoriales, diferenci\u00e1ndose de la pr\u00e1ctica art\u00edstica personal.<\/p>\n\n\n\n<p class=\"has-secondary-color has-text-color has-link-color has-medium-font-size wp-elements-e0daa5c984abe1d99f17c951e41fbeac\" style=\"margin-top:var(--wp--preset--spacing--30);margin-right:var(--wp--preset--spacing--30);margin-bottom:var(--wp--preset--spacing--30);margin-left:var(--wp--preset--spacing--30)\">\u2192 <a href=\"https:\/\/beranyer.com\/?cat=28\" data-type=\"link\" data-id=\"https:\/\/beranyer.com\/?cat=28\">Ver trabajo de arte<\/a><\/p>\n<\/div>\n<\/div>\n\n\n\n<div class=\"wp-block-group has-black-background-color has-background has-global-padding is-layout-constrained wp-container-core-group-is-layout-95c5e151 wp-block-group-is-layout-constrained\">\n<h2 class=\"wp-block-heading has-white-color has-text-color has-link-color wp-elements-a3a25aac0ead407f01fa3cb52e8492c3\" style=\"margin-top:var(--wp--preset--spacing--40);margin-bottom:0;padding-top:var(--wp--preset--spacing--40)\">Fotograf\u00eda<\/h2>\n\n\n\n<div class=\"wp-block-columns is-layout-flex wp-container-core-columns-is-layout-6c67cc99 wp-block-columns-is-layout-flex\" style=\"margin-top:var(--wp--preset--spacing--30);margin-bottom:var(--wp--preset--spacing--30);padding-top:0;padding-right:0;padding-bottom:0;padding-left:0\">\n<div class=\"wp-block-column is-vertically-aligned-top is-layout-flow wp-block-column-is-layout-flow\" style=\"padding-right:0;padding-left:0;flex-basis:70%\">\n<div class=\"wp-block-cover\" style=\"border-top-left-radius:0px;border-bottom-right-radius:0px;min-height:423px;aspect-ratio:unset;\"><img loading=\"lazy\" decoding=\"async\" width=\"1024\" height=\"1024\" class=\"wp-block-cover__image-background wp-image-308 size-large\" alt=\"\" src=\"https:\/\/beranyer.com\/wp-content\/uploads\/2023\/01\/Colores-1024x1024.jpg\" data-object-fit=\"cover\" srcset=\"https:\/\/beranyer.com\/wp-content\/uploads\/2023\/01\/Colores-1024x1024.jpg 1024w, https:\/\/beranyer.com\/wp-content\/uploads\/2023\/01\/Colores-100x100.jpg 100w, https:\/\/beranyer.com\/wp-content\/uploads\/2023\/01\/Colores-600x600.jpg 600w, https:\/\/beranyer.com\/wp-content\/uploads\/2023\/01\/Colores-300x300.jpg 300w, https:\/\/beranyer.com\/wp-content\/uploads\/2023\/01\/Colores-150x150.jpg 150w, https:\/\/beranyer.com\/wp-content\/uploads\/2023\/01\/Colores-768x768.jpg 768w, https:\/\/beranyer.com\/wp-content\/uploads\/2023\/01\/Colores.jpg 1500w\" sizes=\"auto, (max-width: 1024px) 100vw, 1024px\" \/><span aria-hidden=\"true\" class=\"wp-block-cover__background has-background-dim-0 has-background-dim\" style=\"background-color:#5f4132\"><\/span><div class=\"wp-block-cover__inner-container has-global-padding is-layout-constrained wp-container-core-cover-is-layout-12243e0f wp-block-cover-is-layout-constrained\">\n<p class=\"has-text-align-center has-large-font-size\"><\/p>\n<\/div><\/div>\n<\/div>\n\n\n\n<div class=\"wp-block-column is-vertically-aligned-center is-layout-flow wp-block-column-is-layout-flow\" style=\"border-bottom-right-radius:0px;padding-top:0;padding-bottom:0;flex-basis:30%\">\n<div class=\"wp-block-group has-global-padding is-layout-constrained wp-container-core-group-is-layout-ad884c5c wp-block-group-is-layout-constrained\" style=\"padding-right:var(--wp--preset--spacing--30);padding-left:var(--wp--preset--spacing--30)\">\n<p class=\"has-white-color has-text-color has-link-color has-medium-font-size wp-elements-720ac852ca2d01d49336ec7d27b26b6e\">Fotograf\u00eda aplicada a contextos editoriales, documentales, de producto y de comunicaci\u00f3n visual. Trabajo la imagen como parte de un sistema narrativo, integrada al contenido y al prop\u00f3sito del proyecto, no como elemento aislado.<\/p>\n\n\n\n<p class=\"has-white-color has-text-color has-link-color has-medium-font-size wp-elements-ceea724af3678fa3d407b2aa7600d692\" style=\"margin-top:var(--wp--preset--spacing--30);margin-bottom:var(--wp--preset--spacing--30)\">\u2192 Ver trabajo de fotograf\u00eda<\/p>\n<\/div>\n<\/div>\n<\/div>\n<\/div>\n<\/div>\n","protected":false},"excerpt":{"rendered":"<p>Trabajo y enfoque Trabajo el dise\u00f1o desde una l\u00f3gica editorial y de sistema.Algunos proyectos se expresan como piezas editoriales, otros como productos digitales o estructuras visuales. Dise\u00f1o Editorial Dise\u00f1o y Sistemas Dise\u00f1o de interfaces, sistemas visuales y estructuras funcionales para productos, marcas y plataformas digitales.Pensado desde la l\u00f3gica, la usabilidad y la coherencia del sistema. [&hellip;]<\/p>\n","protected":false},"author":3,"featured_media":2101,"parent":0,"menu_order":2,"comment_status":"closed","ping_status":"closed","template":"","meta":{"ngg_post_thumbnail":0,"footnotes":""},"class_list":["post-1984","page","type-page","status-publish","has-post-thumbnail","hentry"],"yoast_head":"<!-- This site is optimized with the Yoast SEO plugin v27.6 - https:\/\/yoast.com\/product\/yoast-seo-wordpress\/ -->\n<title>\u00c1reas - Beranyer<\/title>\n<meta name=\"robots\" content=\"index, follow, max-snippet:-1, max-image-preview:large, max-video-preview:-1\" \/>\n<link rel=\"canonical\" href=\"https:\/\/beranyer.com\/?page_id=1984\" \/>\n<meta property=\"og:locale\" content=\"es_ES\" \/>\n<meta property=\"og:type\" content=\"article\" \/>\n<meta property=\"og:title\" content=\"\u00c1reas - Beranyer\" \/>\n<meta property=\"og:description\" content=\"Trabajo y enfoque Trabajo el dise\u00f1o desde una l\u00f3gica editorial y de sistema.Algunos proyectos se expresan como piezas editoriales, otros como productos digitales o estructuras visuales. Dise\u00f1o Editorial Dise\u00f1o y Sistemas Dise\u00f1o de interfaces, sistemas visuales y estructuras funcionales para productos, marcas y plataformas digitales.Pensado desde la l\u00f3gica, la usabilidad y la coherencia del sistema. [&hellip;]\" \/>\n<meta property=\"og:url\" content=\"https:\/\/beranyer.com\/?page_id=1984\" \/>\n<meta property=\"og:site_name\" content=\"Beranyer\" \/>\n<meta property=\"article:publisher\" content=\"https:\/\/www.facebook.com\/beranyer\" \/>\n<meta property=\"article:modified_time\" content=\"2026-02-13T19:44:07+00:00\" \/>\n<meta property=\"og:image\" content=\"https:\/\/beranyer.com\/wp-content\/uploads\/2026\/02\/Especialidades.png\" \/>\n\t<meta property=\"og:image:width\" content=\"1309\" \/>\n\t<meta property=\"og:image:height\" content=\"159\" \/>\n\t<meta property=\"og:image:type\" content=\"image\/png\" \/>\n<meta name=\"twitter:card\" content=\"summary_large_image\" \/>\n<meta name=\"twitter:label1\" content=\"Tiempo de lectura\" \/>\n\t<meta name=\"twitter:data1\" content=\"1 minuto\" \/>\n<script type=\"application\/ld+json\" class=\"yoast-schema-graph\">{\"@context\":\"https:\\\/\\\/schema.org\",\"@graph\":[{\"@type\":\"WebPage\",\"@id\":\"https:\\\/\\\/beranyer.com\\\/?page_id=1984\",\"url\":\"https:\\\/\\\/beranyer.com\\\/?page_id=1984\",\"name\":\"\u00c1reas - Beranyer\",\"isPartOf\":{\"@id\":\"https:\\\/\\\/beranyer.com\\\/#website\"},\"primaryImageOfPage\":{\"@id\":\"https:\\\/\\\/beranyer.com\\\/?page_id=1984#primaryimage\"},\"image\":{\"@id\":\"https:\\\/\\\/beranyer.com\\\/?page_id=1984#primaryimage\"},\"thumbnailUrl\":\"https:\\\/\\\/beranyer.com\\\/wp-content\\\/uploads\\\/2026\\\/02\\\/Especialidades.png\",\"datePublished\":\"2026-02-07T01:05:47+00:00\",\"dateModified\":\"2026-02-13T19:44:07+00:00\",\"breadcrumb\":{\"@id\":\"https:\\\/\\\/beranyer.com\\\/?page_id=1984#breadcrumb\"},\"inLanguage\":\"es-CO\",\"potentialAction\":[{\"@type\":\"ReadAction\",\"target\":[\"https:\\\/\\\/beranyer.com\\\/?page_id=1984\"]}]},{\"@type\":\"ImageObject\",\"inLanguage\":\"es-CO\",\"@id\":\"https:\\\/\\\/beranyer.com\\\/?page_id=1984#primaryimage\",\"url\":\"https:\\\/\\\/beranyer.com\\\/wp-content\\\/uploads\\\/2026\\\/02\\\/Especialidades.png\",\"contentUrl\":\"https:\\\/\\\/beranyer.com\\\/wp-content\\\/uploads\\\/2026\\\/02\\\/Especialidades.png\",\"width\":1309,\"height\":159},{\"@type\":\"BreadcrumbList\",\"@id\":\"https:\\\/\\\/beranyer.com\\\/?page_id=1984#breadcrumb\",\"itemListElement\":[{\"@type\":\"ListItem\",\"position\":1,\"name\":\"Inicio\",\"item\":\"https:\\\/\\\/beranyer.com\\\/\"},{\"@type\":\"ListItem\",\"position\":2,\"name\":\"\u00c1reas\"}]},{\"@type\":\"WebSite\",\"@id\":\"https:\\\/\\\/beranyer.com\\\/#website\",\"url\":\"https:\\\/\\\/beranyer.com\\\/\",\"name\":\"Beranyer\",\"description\":\"Creatividad, dise\u00f1o comunicaci\u00f3n y concepto\",\"publisher\":{\"@id\":\"https:\\\/\\\/beranyer.com\\\/#organization\"},\"potentialAction\":[{\"@type\":\"SearchAction\",\"target\":{\"@type\":\"EntryPoint\",\"urlTemplate\":\"https:\\\/\\\/beranyer.com\\\/?s={search_term_string}\"},\"query-input\":{\"@type\":\"PropertyValueSpecification\",\"valueRequired\":true,\"valueName\":\"search_term_string\"}}],\"inLanguage\":\"es-CO\"},{\"@type\":\"Organization\",\"@id\":\"https:\\\/\\\/beranyer.com\\\/#organization\",\"name\":\"Beranyer Creatividad\",\"url\":\"https:\\\/\\\/beranyer.com\\\/\",\"logo\":{\"@type\":\"ImageObject\",\"inLanguage\":\"es-CO\",\"@id\":\"https:\\\/\\\/beranyer.com\\\/#\\\/schema\\\/logo\\\/image\\\/\",\"url\":\"https:\\\/\\\/beranyer.com\\\/wp-content\\\/uploads\\\/2023\\\/01\\\/firma-grisd50-copia.png\",\"contentUrl\":\"https:\\\/\\\/beranyer.com\\\/wp-content\\\/uploads\\\/2023\\\/01\\\/firma-grisd50-copia.png\",\"width\":400,\"height\":97,\"caption\":\"Beranyer Creatividad\"},\"image\":{\"@id\":\"https:\\\/\\\/beranyer.com\\\/#\\\/schema\\\/logo\\\/image\\\/\"},\"sameAs\":[\"https:\\\/\\\/www.facebook.com\\\/beranyer\",\"https:\\\/\\\/www.linkedin.com\\\/in\\\/beranyer\\\/\"]}]}<\/script>\n<!-- \/ Yoast SEO plugin. -->","yoast_head_json":{"title":"\u00c1reas - Beranyer","robots":{"index":"index","follow":"follow","max-snippet":"max-snippet:-1","max-image-preview":"max-image-preview:large","max-video-preview":"max-video-preview:-1"},"canonical":"https:\/\/beranyer.com\/?page_id=1984","og_locale":"es_ES","og_type":"article","og_title":"\u00c1reas - Beranyer","og_description":"Trabajo y enfoque Trabajo el dise\u00f1o desde una l\u00f3gica editorial y de sistema.Algunos proyectos se expresan como piezas editoriales, otros como productos digitales o estructuras visuales. Dise\u00f1o Editorial Dise\u00f1o y Sistemas Dise\u00f1o de interfaces, sistemas visuales y estructuras funcionales para productos, marcas y plataformas digitales.Pensado desde la l\u00f3gica, la usabilidad y la coherencia del sistema. [&hellip;]","og_url":"https:\/\/beranyer.com\/?page_id=1984","og_site_name":"Beranyer","article_publisher":"https:\/\/www.facebook.com\/beranyer","article_modified_time":"2026-02-13T19:44:07+00:00","og_image":[{"width":1309,"height":159,"url":"https:\/\/beranyer.com\/wp-content\/uploads\/2026\/02\/Especialidades.png","type":"image\/png"}],"twitter_card":"summary_large_image","twitter_misc":{"Tiempo de lectura":"1 minuto"},"schema":{"@context":"https:\/\/schema.org","@graph":[{"@type":"WebPage","@id":"https:\/\/beranyer.com\/?page_id=1984","url":"https:\/\/beranyer.com\/?page_id=1984","name":"\u00c1reas - Beranyer","isPartOf":{"@id":"https:\/\/beranyer.com\/#website"},"primaryImageOfPage":{"@id":"https:\/\/beranyer.com\/?page_id=1984#primaryimage"},"image":{"@id":"https:\/\/beranyer.com\/?page_id=1984#primaryimage"},"thumbnailUrl":"https:\/\/beranyer.com\/wp-content\/uploads\/2026\/02\/Especialidades.png","datePublished":"2026-02-07T01:05:47+00:00","dateModified":"2026-02-13T19:44:07+00:00","breadcrumb":{"@id":"https:\/\/beranyer.com\/?page_id=1984#breadcrumb"},"inLanguage":"es-CO","potentialAction":[{"@type":"ReadAction","target":["https:\/\/beranyer.com\/?page_id=1984"]}]},{"@type":"ImageObject","inLanguage":"es-CO","@id":"https:\/\/beranyer.com\/?page_id=1984#primaryimage","url":"https:\/\/beranyer.com\/wp-content\/uploads\/2026\/02\/Especialidades.png","contentUrl":"https:\/\/beranyer.com\/wp-content\/uploads\/2026\/02\/Especialidades.png","width":1309,"height":159},{"@type":"BreadcrumbList","@id":"https:\/\/beranyer.com\/?page_id=1984#breadcrumb","itemListElement":[{"@type":"ListItem","position":1,"name":"Inicio","item":"https:\/\/beranyer.com\/"},{"@type":"ListItem","position":2,"name":"\u00c1reas"}]},{"@type":"WebSite","@id":"https:\/\/beranyer.com\/#website","url":"https:\/\/beranyer.com\/","name":"Beranyer","description":"Creatividad, dise\u00f1o comunicaci\u00f3n y concepto","publisher":{"@id":"https:\/\/beranyer.com\/#organization"},"potentialAction":[{"@type":"SearchAction","target":{"@type":"EntryPoint","urlTemplate":"https:\/\/beranyer.com\/?s={search_term_string}"},"query-input":{"@type":"PropertyValueSpecification","valueRequired":true,"valueName":"search_term_string"}}],"inLanguage":"es-CO"},{"@type":"Organization","@id":"https:\/\/beranyer.com\/#organization","name":"Beranyer Creatividad","url":"https:\/\/beranyer.com\/","logo":{"@type":"ImageObject","inLanguage":"es-CO","@id":"https:\/\/beranyer.com\/#\/schema\/logo\/image\/","url":"https:\/\/beranyer.com\/wp-content\/uploads\/2023\/01\/firma-grisd50-copia.png","contentUrl":"https:\/\/beranyer.com\/wp-content\/uploads\/2023\/01\/firma-grisd50-copia.png","width":400,"height":97,"caption":"Beranyer Creatividad"},"image":{"@id":"https:\/\/beranyer.com\/#\/schema\/logo\/image\/"},"sameAs":["https:\/\/www.facebook.com\/beranyer","https:\/\/www.linkedin.com\/in\/beranyer\/"]}]}},"_links":{"self":[{"href":"https:\/\/beranyer.com\/index.php?rest_route=\/wp\/v2\/pages\/1984","targetHints":{"allow":["GET"]}}],"collection":[{"href":"https:\/\/beranyer.com\/index.php?rest_route=\/wp\/v2\/pages"}],"about":[{"href":"https:\/\/beranyer.com\/index.php?rest_route=\/wp\/v2\/types\/page"}],"author":[{"embeddable":true,"href":"https:\/\/beranyer.com\/index.php?rest_route=\/wp\/v2\/users\/3"}],"replies":[{"embeddable":true,"href":"https:\/\/beranyer.com\/index.php?rest_route=%2Fwp%2Fv2%2Fcomments&post=1984"}],"version-history":[{"count":59,"href":"https:\/\/beranyer.com\/index.php?rest_route=\/wp\/v2\/pages\/1984\/revisions"}],"predecessor-version":[{"id":2400,"href":"https:\/\/beranyer.com\/index.php?rest_route=\/wp\/v2\/pages\/1984\/revisions\/2400"}],"wp:featuredmedia":[{"embeddable":true,"href":"https:\/\/beranyer.com\/index.php?rest_route=\/wp\/v2\/media\/2101"}],"wp:attachment":[{"href":"https:\/\/beranyer.com\/index.php?rest_route=%2Fwp%2Fv2%2Fmedia&parent=1984"}],"curies":[{"name":"wp","href":"https:\/\/api.w.org\/{rel}","templated":true}]}}