{"id":1529,"date":"2023-06-14T19:08:12","date_gmt":"2023-06-14T19:08:12","guid":{"rendered":"https:\/\/beranyer.com\/?post_type=product&#038;p=1529"},"modified":"2024-07-06T00:12:49","modified_gmt":"2024-07-06T05:12:49","slug":"dicotomia-de-sumision","status":"publish","type":"product","link":"https:\/\/beranyer.com\/?product=dicotomia-de-sumision","title":{"rendered":"DICOTOM\u00cdA DE SUMISI\u00d3N"},"content":{"rendered":"<p>A\u00f1o Febrero 24 de 2013<br \/>\nDimensiones 80*120<br \/>\nT\u00e9cnica \u00d3leo<br \/>\nMateriales \u00d3leo sobre lienzo<\/p>\n","protected":false},"excerpt":{"rendered":"<p>\u00d2leo sobre lienzo serie dicotom\u00eca<\/p>\n","protected":false},"featured_media":477,"comment_status":"closed","ping_status":"closed","template":"","meta":{"ngg_post_thumbnail":0},"product_brand":[],"product_cat":[23],"product_tag":[39,40,41],"class_list":{"0":"post-1529","1":"product","2":"type-product","3":"status-publish","4":"has-post-thumbnail","6":"product_cat-dicotomias","7":"product_tag-arte","8":"product_tag-oleo","9":"product_tag-pintura","11":"first","12":"instock","13":"purchasable","14":"product-type-simple"},"yoast_head":"<!-- This site is optimized with the Yoast SEO plugin v27.5 - https:\/\/yoast.com\/product\/yoast-seo-wordpress\/ -->\n<title>DICOTOM\u00cdA DE SUMISI\u00d3N - Beranyer<\/title>\n<meta name=\"robots\" content=\"index, follow, max-snippet:-1, max-image-preview:large, max-video-preview:-1\" \/>\n<link rel=\"canonical\" href=\"https:\/\/beranyer.com\/?product=dicotomia-de-sumision\" \/>\n<meta property=\"og:locale\" content=\"es_ES\" \/>\n<meta property=\"og:type\" content=\"article\" \/>\n<meta property=\"og:title\" content=\"DICOTOM\u00cdA DE SUMISI\u00d3N - Beranyer\" \/>\n<meta property=\"og:description\" content=\"\u00d2leo sobre lienzo serie dicotom\u00eca\" \/>\n<meta property=\"og:url\" content=\"https:\/\/beranyer.com\/?product=dicotomia-de-sumision\" \/>\n<meta property=\"og:site_name\" content=\"Beranyer\" \/>\n<meta property=\"article:publisher\" content=\"https:\/\/www.facebook.com\/beranyer\" \/>\n<meta property=\"article:modified_time\" content=\"2024-07-06T05:12:49+00:00\" \/>\n<meta property=\"og:image\" content=\"https:\/\/beranyer.com\/wp-content\/uploads\/2023\/01\/SERIE-DICOTOMIAS-DE-SUMISION-scaled.jpg\" \/>\n\t<meta property=\"og:image:width\" content=\"1719\" \/>\n\t<meta property=\"og:image:height\" content=\"2560\" \/>\n\t<meta property=\"og:image:type\" content=\"image\/jpeg\" \/>\n<meta name=\"twitter:card\" content=\"summary_large_image\" \/>\n<script type=\"application\/ld+json\" class=\"yoast-schema-graph\">{\"@context\":\"https:\\\/\\\/schema.org\",\"@graph\":[{\"@type\":\"WebPage\",\"@id\":\"https:\\\/\\\/beranyer.com\\\/?product=dicotomia-de-sumision\",\"url\":\"https:\\\/\\\/beranyer.com\\\/?product=dicotomia-de-sumision\",\"name\":\"DICOTOM\u00cdA DE SUMISI\u00d3N - Beranyer\",\"isPartOf\":{\"@id\":\"https:\\\/\\\/beranyer.com\\\/#website\"},\"primaryImageOfPage\":{\"@id\":\"https:\\\/\\\/beranyer.com\\\/?product=dicotomia-de-sumision#primaryimage\"},\"image\":{\"@id\":\"https:\\\/\\\/beranyer.com\\\/?product=dicotomia-de-sumision#primaryimage\"},\"thumbnailUrl\":\"https:\\\/\\\/beranyer.com\\\/wp-content\\\/uploads\\\/2023\\\/01\\\/SERIE-DICOTOMIAS-DE-SUMISION-scaled.jpg\",\"datePublished\":\"2023-06-14T19:08:12+00:00\",\"dateModified\":\"2024-07-06T05:12:49+00:00\",\"breadcrumb\":{\"@id\":\"https:\\\/\\\/beranyer.com\\\/?product=dicotomia-de-sumision#breadcrumb\"},\"inLanguage\":\"es-CO\",\"potentialAction\":[{\"@type\":\"ReadAction\",\"target\":[\"https:\\\/\\\/beranyer.com\\\/?product=dicotomia-de-sumision\"]}]},{\"@type\":\"ImageObject\",\"inLanguage\":\"es-CO\",\"@id\":\"https:\\\/\\\/beranyer.com\\\/?product=dicotomia-de-sumision#primaryimage\",\"url\":\"https:\\\/\\\/beranyer.com\\\/wp-content\\\/uploads\\\/2023\\\/01\\\/SERIE-DICOTOMIAS-DE-SUMISION-scaled.jpg\",\"contentUrl\":\"https:\\\/\\\/beranyer.com\\\/wp-content\\\/uploads\\\/2023\\\/01\\\/SERIE-DICOTOMIAS-DE-SUMISION-scaled.jpg\",\"width\":1719,\"height\":2560},{\"@type\":\"BreadcrumbList\",\"@id\":\"https:\\\/\\\/beranyer.com\\\/?product=dicotomia-de-sumision#breadcrumb\",\"itemListElement\":[{\"@type\":\"ListItem\",\"position\":1,\"name\":\"Inicio\",\"item\":\"https:\\\/\\\/beranyer.com\\\/\"},{\"@type\":\"ListItem\",\"position\":2,\"name\":\"Shop\",\"item\":\"https:\\\/\\\/beranyer.com\\\/?page_id=5\"},{\"@type\":\"ListItem\",\"position\":3,\"name\":\"DICOTOM\u00cdA DE SUMISI\u00d3N\"}]},{\"@type\":\"WebSite\",\"@id\":\"https:\\\/\\\/beranyer.com\\\/#website\",\"url\":\"https:\\\/\\\/beranyer.com\\\/\",\"name\":\"Beranyer\",\"description\":\"Creatividad, dise\u00f1o comunicaci\u00f3n y concepto\",\"publisher\":{\"@id\":\"https:\\\/\\\/beranyer.com\\\/#organization\"},\"potentialAction\":[{\"@type\":\"SearchAction\",\"target\":{\"@type\":\"EntryPoint\",\"urlTemplate\":\"https:\\\/\\\/beranyer.com\\\/?s={search_term_string}\"},\"query-input\":{\"@type\":\"PropertyValueSpecification\",\"valueRequired\":true,\"valueName\":\"search_term_string\"}}],\"inLanguage\":\"es-CO\"},{\"@type\":\"Organization\",\"@id\":\"https:\\\/\\\/beranyer.com\\\/#organization\",\"name\":\"Beranyer Creatividad\",\"url\":\"https:\\\/\\\/beranyer.com\\\/\",\"logo\":{\"@type\":\"ImageObject\",\"inLanguage\":\"es-CO\",\"@id\":\"https:\\\/\\\/beranyer.com\\\/#\\\/schema\\\/logo\\\/image\\\/\",\"url\":\"https:\\\/\\\/beranyer.com\\\/wp-content\\\/uploads\\\/2023\\\/01\\\/firma-grisd50-copia.png\",\"contentUrl\":\"https:\\\/\\\/beranyer.com\\\/wp-content\\\/uploads\\\/2023\\\/01\\\/firma-grisd50-copia.png\",\"width\":400,\"height\":97,\"caption\":\"Beranyer Creatividad\"},\"image\":{\"@id\":\"https:\\\/\\\/beranyer.com\\\/#\\\/schema\\\/logo\\\/image\\\/\"},\"sameAs\":[\"https:\\\/\\\/www.facebook.com\\\/beranyer\",\"https:\\\/\\\/www.linkedin.com\\\/in\\\/beranyer\\\/\"]}]}<\/script>\n<!-- \/ Yoast SEO plugin. -->","yoast_head_json":{"title":"DICOTOM\u00cdA DE SUMISI\u00d3N - Beranyer","robots":{"index":"index","follow":"follow","max-snippet":"max-snippet:-1","max-image-preview":"max-image-preview:large","max-video-preview":"max-video-preview:-1"},"canonical":"https:\/\/beranyer.com\/?product=dicotomia-de-sumision","og_locale":"es_ES","og_type":"article","og_title":"DICOTOM\u00cdA DE SUMISI\u00d3N - Beranyer","og_description":"\u00d2leo sobre lienzo serie dicotom\u00eca","og_url":"https:\/\/beranyer.com\/?product=dicotomia-de-sumision","og_site_name":"Beranyer","article_publisher":"https:\/\/www.facebook.com\/beranyer","article_modified_time":"2024-07-06T05:12:49+00:00","og_image":[{"width":1719,"height":2560,"url":"https:\/\/beranyer.com\/wp-content\/uploads\/2023\/01\/SERIE-DICOTOMIAS-DE-SUMISION-scaled.jpg","type":"image\/jpeg"}],"twitter_card":"summary_large_image","schema":{"@context":"https:\/\/schema.org","@graph":[{"@type":"WebPage","@id":"https:\/\/beranyer.com\/?product=dicotomia-de-sumision","url":"https:\/\/beranyer.com\/?product=dicotomia-de-sumision","name":"DICOTOM\u00cdA DE SUMISI\u00d3N - Beranyer","isPartOf":{"@id":"https:\/\/beranyer.com\/#website"},"primaryImageOfPage":{"@id":"https:\/\/beranyer.com\/?product=dicotomia-de-sumision#primaryimage"},"image":{"@id":"https:\/\/beranyer.com\/?product=dicotomia-de-sumision#primaryimage"},"thumbnailUrl":"https:\/\/beranyer.com\/wp-content\/uploads\/2023\/01\/SERIE-DICOTOMIAS-DE-SUMISION-scaled.jpg","datePublished":"2023-06-14T19:08:12+00:00","dateModified":"2024-07-06T05:12:49+00:00","breadcrumb":{"@id":"https:\/\/beranyer.com\/?product=dicotomia-de-sumision#breadcrumb"},"inLanguage":"es-CO","potentialAction":[{"@type":"ReadAction","target":["https:\/\/beranyer.com\/?product=dicotomia-de-sumision"]}]},{"@type":"ImageObject","inLanguage":"es-CO","@id":"https:\/\/beranyer.com\/?product=dicotomia-de-sumision#primaryimage","url":"https:\/\/beranyer.com\/wp-content\/uploads\/2023\/01\/SERIE-DICOTOMIAS-DE-SUMISION-scaled.jpg","contentUrl":"https:\/\/beranyer.com\/wp-content\/uploads\/2023\/01\/SERIE-DICOTOMIAS-DE-SUMISION-scaled.jpg","width":1719,"height":2560},{"@type":"BreadcrumbList","@id":"https:\/\/beranyer.com\/?product=dicotomia-de-sumision#breadcrumb","itemListElement":[{"@type":"ListItem","position":1,"name":"Inicio","item":"https:\/\/beranyer.com\/"},{"@type":"ListItem","position":2,"name":"Shop","item":"https:\/\/beranyer.com\/?page_id=5"},{"@type":"ListItem","position":3,"name":"DICOTOM\u00cdA DE SUMISI\u00d3N"}]},{"@type":"WebSite","@id":"https:\/\/beranyer.com\/#website","url":"https:\/\/beranyer.com\/","name":"Beranyer","description":"Creatividad, dise\u00f1o comunicaci\u00f3n y concepto","publisher":{"@id":"https:\/\/beranyer.com\/#organization"},"potentialAction":[{"@type":"SearchAction","target":{"@type":"EntryPoint","urlTemplate":"https:\/\/beranyer.com\/?s={search_term_string}"},"query-input":{"@type":"PropertyValueSpecification","valueRequired":true,"valueName":"search_term_string"}}],"inLanguage":"es-CO"},{"@type":"Organization","@id":"https:\/\/beranyer.com\/#organization","name":"Beranyer Creatividad","url":"https:\/\/beranyer.com\/","logo":{"@type":"ImageObject","inLanguage":"es-CO","@id":"https:\/\/beranyer.com\/#\/schema\/logo\/image\/","url":"https:\/\/beranyer.com\/wp-content\/uploads\/2023\/01\/firma-grisd50-copia.png","contentUrl":"https:\/\/beranyer.com\/wp-content\/uploads\/2023\/01\/firma-grisd50-copia.png","width":400,"height":97,"caption":"Beranyer Creatividad"},"image":{"@id":"https:\/\/beranyer.com\/#\/schema\/logo\/image\/"},"sameAs":["https:\/\/www.facebook.com\/beranyer","https:\/\/www.linkedin.com\/in\/beranyer\/"]}]}},"_links":{"self":[{"href":"https:\/\/beranyer.com\/index.php?rest_route=\/wp\/v2\/product\/1529","targetHints":{"allow":["GET"]}}],"collection":[{"href":"https:\/\/beranyer.com\/index.php?rest_route=\/wp\/v2\/product"}],"about":[{"href":"https:\/\/beranyer.com\/index.php?rest_route=\/wp\/v2\/types\/product"}],"replies":[{"embeddable":true,"href":"https:\/\/beranyer.com\/index.php?rest_route=%2Fwp%2Fv2%2Fcomments&post=1529"}],"wp:featuredmedia":[{"embeddable":true,"href":"https:\/\/beranyer.com\/index.php?rest_route=\/wp\/v2\/media\/477"}],"wp:attachment":[{"href":"https:\/\/beranyer.com\/index.php?rest_route=%2Fwp%2Fv2%2Fmedia&parent=1529"}],"wp:term":[{"taxonomy":"product_brand","embeddable":true,"href":"https:\/\/beranyer.com\/index.php?rest_route=%2Fwp%2Fv2%2Fproduct_brand&post=1529"},{"taxonomy":"product_cat","embeddable":true,"href":"https:\/\/beranyer.com\/index.php?rest_route=%2Fwp%2Fv2%2Fproduct_cat&post=1529"},{"taxonomy":"product_tag","embeddable":true,"href":"https:\/\/beranyer.com\/index.php?rest_route=%2Fwp%2Fv2%2Fproduct_tag&post=1529"}],"curies":[{"name":"wp","href":"https:\/\/api.w.org\/{rel}","templated":true}]}}